{"id":689,"date":"2023-01-06T20:02:16","date_gmt":"2023-01-06T19:02:16","guid":{"rendered":"https:\/\/ljetnikovacnatali.virtus3-projekti.com\/wp\/?page_id=689"},"modified":"2025-07-29T15:05:57","modified_gmt":"2025-07-29T13:05:57","slug":"posao-i-karijera","status":"publish","type":"page","link":"https:\/\/palacenatali.com\/hr\/posao-i-karijera\/","title":{"rendered":"Posao i karijera"},"content":{"rendered":"<p>\u017deli\u0161 postati dijelom jedinstvene pri\u010de na tr\u017ei\u0161tu?<span data-ccp-props=\"{&quot;201341983&quot;:0,&quot;335559739&quot;:160,&quot;335559740&quot;:259}\">\u00a0<\/span><\/p>\n<p><span data-contrast=\"auto\">Palace Natali, prekrasan dubrova\u010dki ljetnikovac iz 16. st., svoja je vrata otvorio u svibnju 2023.<\/span><span data-ccp-props=\"{&quot;201341983&quot;:0,&quot;335559739&quot;:160,&quot;335559740&quot;:259}\">\u00a0<\/span>Vje\u0161to spajaju\u0107i povijesnu vrijednost i bogato naslje\u0111e s modernim luksuznim ure\u0111enjem, Palace Natali gostima nudi jedinstven do\u017eivljaj boravka, a zaposlenicima ugodno i poticajno radno okru\u017eenje.<\/p>\n<p>Ako \u017eeli\u0161 postati dio Palace Natali tima, po\u0161alji nam svoju molbu i \u017eivotopis na <a href=\"mailto:posao@palacenatali.com\">posao@palacenatali.com.<\/a>\u00a0<em>Sretno!<\/em><\/p>\n","protected":false},"excerpt":{"rendered":"<p>\u017deli\u0161 postati dijelom jedinstvene pri\u010de na tr\u017ei\u0161tu?\u00a0 Palace Natali, prekrasan dubrova\u010dki ljetnikovac iz 16. st., svoja je vrata otvorio u svibnju 2023.\u00a0Vje\u0161to spajaju\u0107i povijesnu vrijednost i bogato naslje\u0111e s modernim luksuznim ure\u0111enjem, Palace Natali gostima nudi jedinstven do\u017eivljaj boravka, a zaposlenicima ugodno i poticajno radno okru\u017eenje. Ako \u017eeli\u0161 postati dio Palace Natali tima, po\u0161alji nam [&hellip;]<\/p>\n","protected":false},"author":2,"featured_media":1982,"parent":0,"menu_order":63,"comment_status":"closed","ping_status":"closed","template":"template-careers.php","meta":{"footnotes":""},"class_list":["post-689","page","type-page","status-publish","has-post-thumbnail","hentry"],"acf":[],"aioseo_notices":[],"_links":{"self":[{"href":"https:\/\/palacenatali.com\/hr\/wp-json\/wp\/v2\/pages\/689","targetHints":{"allow":["GET"]}}],"collection":[{"href":"https:\/\/palacenatali.com\/hr\/wp-json\/wp\/v2\/pages"}],"about":[{"href":"https:\/\/palacenatali.com\/hr\/wp-json\/wp\/v2\/types\/page"}],"author":[{"embeddable":true,"href":"https:\/\/palacenatali.com\/hr\/wp-json\/wp\/v2\/users\/2"}],"replies":[{"embeddable":true,"href":"https:\/\/palacenatali.com\/hr\/wp-json\/wp\/v2\/comments?post=689"}],"version-history":[{"count":43,"href":"https:\/\/palacenatali.com\/hr\/wp-json\/wp\/v2\/pages\/689\/revisions"}],"predecessor-version":[{"id":7325,"href":"https:\/\/palacenatali.com\/hr\/wp-json\/wp\/v2\/pages\/689\/revisions\/7325"}],"wp:featuredmedia":[{"embeddable":true,"href":"https:\/\/palacenatali.com\/hr\/wp-json\/wp\/v2\/media\/1982"}],"wp:attachment":[{"href":"https:\/\/palacenatali.com\/hr\/wp-json\/wp\/v2\/media?parent=689"}],"curies":[{"name":"wp","href":"https:\/\/api.w.org\/{rel}","templated":true}]}}