{"id":2482,"date":"2023-10-23T12:15:40","date_gmt":"2023-10-23T10:15:40","guid":{"rendered":"https:\/\/new-web.palacenatali.com\/o-nama\/natali-facilities\/"},"modified":"2025-10-08T12:40:50","modified_gmt":"2025-10-08T10:40:50","slug":"natali-sadrzaji","status":"publish","type":"page","link":"https:\/\/palacenatali.com\/hr\/o-nama\/natali-sadrzaji\/","title":{"rendered":"Natali sadr\u017eaji"},"content":{"rendered":"<p>\u017delja nam je obogatiti va\u0161 boravak u Ljetnikovcu Natali.<\/p>\n<p>&nbsp;<\/p>\n","protected":false},"excerpt":{"rendered":"<p>\u017delja nam je obogatiti va\u0161 boravak u Ljetnikovcu Natali. &nbsp;<\/p>\n","protected":false},"author":2,"featured_media":6753,"parent":2425,"menu_order":11,"comment_status":"closed","ping_status":"closed","template":"template-natali-facilities.php","meta":{"footnotes":""},"class_list":["post-2482","page","type-page","status-publish","has-post-thumbnail","hentry"],"acf":[],"aioseo_notices":[],"_links":{"self":[{"href":"https:\/\/palacenatali.com\/hr\/wp-json\/wp\/v2\/pages\/2482","targetHints":{"allow":["GET"]}}],"collection":[{"href":"https:\/\/palacenatali.com\/hr\/wp-json\/wp\/v2\/pages"}],"about":[{"href":"https:\/\/palacenatali.com\/hr\/wp-json\/wp\/v2\/types\/page"}],"author":[{"embeddable":true,"href":"https:\/\/palacenatali.com\/hr\/wp-json\/wp\/v2\/users\/2"}],"replies":[{"embeddable":true,"href":"https:\/\/palacenatali.com\/hr\/wp-json\/wp\/v2\/comments?post=2482"}],"version-history":[{"count":5,"href":"https:\/\/palacenatali.com\/hr\/wp-json\/wp\/v2\/pages\/2482\/revisions"}],"predecessor-version":[{"id":7753,"href":"https:\/\/palacenatali.com\/hr\/wp-json\/wp\/v2\/pages\/2482\/revisions\/7753"}],"up":[{"embeddable":true,"href":"https:\/\/palacenatali.com\/hr\/wp-json\/wp\/v2\/pages\/2425"}],"wp:featuredmedia":[{"embeddable":true,"href":"https:\/\/palacenatali.com\/hr\/wp-json\/wp\/v2\/media\/6753"}],"wp:attachment":[{"href":"https:\/\/palacenatali.com\/hr\/wp-json\/wp\/v2\/media?parent=2482"}],"curies":[{"name":"wp","href":"https:\/\/api.w.org\/{rel}","templated":true}]}}