{"id":2425,"date":"2023-10-23T11:45:12","date_gmt":"2023-10-23T09:45:12","guid":{"rendered":"https:\/\/new-web.palacenatali.com\/about-us\/"},"modified":"2024-09-05T16:12:14","modified_gmt":"2024-09-05T14:12:14","slug":"o-nama","status":"publish","type":"page","link":"https:\/\/palacenatali.com\/hr\/o-nama\/","title":{"rendered":"O nama"},"content":{"rendered":"<p>Po\u0161tuju\u0107i na\u0161u ba\u0161tinu, strastveni smo u pru\u017eanju autenti\u010dnog iskustva boravka u Dubrovniku.<\/p>\n","protected":false},"excerpt":{"rendered":"<p>Po\u0161tuju\u0107i na\u0161u ba\u0161tinu, strastveni smo u pru\u017eanju autenti\u010dnog iskustva boravka u Dubrovniku.<\/p>\n","protected":false},"author":2,"featured_media":4808,"parent":0,"menu_order":14,"comment_status":"closed","ping_status":"closed","template":"template-about-us.php","meta":{"footnotes":""},"class_list":["post-2425","page","type-page","status-publish","has-post-thumbnail","hentry"],"acf":[],"aioseo_notices":[],"_links":{"self":[{"href":"https:\/\/palacenatali.com\/hr\/wp-json\/wp\/v2\/pages\/2425","targetHints":{"allow":["GET"]}}],"collection":[{"href":"https:\/\/palacenatali.com\/hr\/wp-json\/wp\/v2\/pages"}],"about":[{"href":"https:\/\/palacenatali.com\/hr\/wp-json\/wp\/v2\/types\/page"}],"author":[{"embeddable":true,"href":"https:\/\/palacenatali.com\/hr\/wp-json\/wp\/v2\/users\/2"}],"replies":[{"embeddable":true,"href":"https:\/\/palacenatali.com\/hr\/wp-json\/wp\/v2\/comments?post=2425"}],"version-history":[{"count":4,"href":"https:\/\/palacenatali.com\/hr\/wp-json\/wp\/v2\/pages\/2425\/revisions"}],"predecessor-version":[{"id":2471,"href":"https:\/\/palacenatali.com\/hr\/wp-json\/wp\/v2\/pages\/2425\/revisions\/2471"}],"wp:featuredmedia":[{"embeddable":true,"href":"https:\/\/palacenatali.com\/hr\/wp-json\/wp\/v2\/media\/4808"}],"wp:attachment":[{"href":"https:\/\/palacenatali.com\/hr\/wp-json\/wp\/v2\/media?parent=2425"}],"curies":[{"name":"wp","href":"https:\/\/api.w.org\/{rel}","templated":true}]}}