{"id":24,"date":"2022-12-28T01:29:47","date_gmt":"2022-12-28T00:29:47","guid":{"rendered":"https:\/\/ljetnikovacnatali.virtus3-projekti.com\/wp?page_id=24"},"modified":"2025-09-12T14:13:41","modified_gmt":"2025-09-12T12:13:41","slug":"vjencanja-i-dogadanja","status":"publish","type":"page","link":"https:\/\/palacenatali.com\/hr\/vjencanja-i-dogadanja\/","title":{"rendered":"Vjen\u010danja i doga\u0111anja"},"content":{"rendered":"<p>Va\u0161 poseban dan zaslu\u017euje posebno mjesto. Neka vam ljepota i \u010darolija Ljetnikovca Natali uljep\u0161aju uspomene. Smje\u0161ten usred grada, a opet dovoljno daleko od gradske vreve, u svojoj mirnoj oazi, Ljetnikovac Natali savr\u0161eno je mjesto za razne prigode: privatna i korporativna doga\u0111anja, mala vjen\u010danja i proslave.<\/p>\n<p><a class=\"btn btn-secondary btn-event-request\" style=\"margin-top: 40px;\" href=\"\/hr\/upit-organizacija-dogadanja\/\">Po\u0161aljite upit<\/a><\/p>\n","protected":false},"excerpt":{"rendered":"<p>Va\u0161 poseban dan zaslu\u017euje posebno mjesto. Neka vam ljepota i \u010darolija Ljetnikovca Natali uljep\u0161aju uspomene. Smje\u0161ten usred grada, a opet dovoljno daleko od gradske vreve, u svojoj mirnoj oazi, Ljetnikovac Natali savr\u0161eno je mjesto za razne prigode: privatna i korporativna doga\u0111anja, mala vjen\u010danja i proslave. Po\u0161aljite upit<\/p>\n","protected":false},"author":1,"featured_media":6385,"parent":0,"menu_order":77,"comment_status":"closed","ping_status":"closed","template":"template-events.php","meta":{"footnotes":""},"class_list":["post-24","page","type-page","status-publish","has-post-thumbnail","hentry"],"acf":[],"aioseo_notices":[],"_links":{"self":[{"href":"https:\/\/palacenatali.com\/hr\/wp-json\/wp\/v2\/pages\/24","targetHints":{"allow":["GET"]}}],"collection":[{"href":"https:\/\/palacenatali.com\/hr\/wp-json\/wp\/v2\/pages"}],"about":[{"href":"https:\/\/palacenatali.com\/hr\/wp-json\/wp\/v2\/types\/page"}],"author":[{"embeddable":true,"href":"https:\/\/palacenatali.com\/hr\/wp-json\/wp\/v2\/users\/1"}],"replies":[{"embeddable":true,"href":"https:\/\/palacenatali.com\/hr\/wp-json\/wp\/v2\/comments?post=24"}],"version-history":[{"count":44,"href":"https:\/\/palacenatali.com\/hr\/wp-json\/wp\/v2\/pages\/24\/revisions"}],"predecessor-version":[{"id":7586,"href":"https:\/\/palacenatali.com\/hr\/wp-json\/wp\/v2\/pages\/24\/revisions\/7586"}],"wp:featuredmedia":[{"embeddable":true,"href":"https:\/\/palacenatali.com\/hr\/wp-json\/wp\/v2\/media\/6385"}],"wp:attachment":[{"href":"https:\/\/palacenatali.com\/hr\/wp-json\/wp\/v2\/media?parent=24"}],"curies":[{"name":"wp","href":"https:\/\/api.w.org\/{rel}","templated":true}]}}