{"id":22,"date":"2022-12-28T01:29:05","date_gmt":"2022-12-28T00:29:05","guid":{"rendered":"https:\/\/ljetnikovacnatali.virtus3-projekti.com\/wp?page_id=22"},"modified":"2025-09-18T10:54:58","modified_gmt":"2025-09-18T08:54:58","slug":"posebne-ponude","status":"publish","type":"page","link":"https:\/\/palacenatali.com\/hr\/posebne-ponude\/","title":{"rendered":"Posebne ponude"},"content":{"rendered":"<p>Na\u0161e posebne ponude dizajnirane su posebno za vas. Za sve dodatne informacije obratite nam se na <a href=\"mailto:sales@palacenatali.com\">sales@palacenatali.com<\/a>. Rado \u0107emo vam pomo\u0107i i odgovoriti na svaki va\u0161 upit.<\/p>\n","protected":false},"excerpt":{"rendered":"<p>Na\u0161e posebne ponude dizajnirane su posebno za vas. Za sve dodatne informacije obratite nam se na sales@palacenatali.com. Rado \u0107emo vam pomo\u0107i i odgovoriti na svaki va\u0161 upit.<\/p>\n","protected":false},"author":1,"featured_media":7205,"parent":0,"menu_order":68,"comment_status":"closed","ping_status":"closed","template":"template-special-offers.php","meta":{"footnotes":""},"class_list":["post-22","page","type-page","status-publish","has-post-thumbnail","hentry"],"acf":[],"aioseo_notices":[],"_links":{"self":[{"href":"https:\/\/palacenatali.com\/hr\/wp-json\/wp\/v2\/pages\/22","targetHints":{"allow":["GET"]}}],"collection":[{"href":"https:\/\/palacenatali.com\/hr\/wp-json\/wp\/v2\/pages"}],"about":[{"href":"https:\/\/palacenatali.com\/hr\/wp-json\/wp\/v2\/types\/page"}],"author":[{"embeddable":true,"href":"https:\/\/palacenatali.com\/hr\/wp-json\/wp\/v2\/users\/1"}],"replies":[{"embeddable":true,"href":"https:\/\/palacenatali.com\/hr\/wp-json\/wp\/v2\/comments?post=22"}],"version-history":[{"count":5,"href":"https:\/\/palacenatali.com\/hr\/wp-json\/wp\/v2\/pages\/22\/revisions"}],"predecessor-version":[{"id":1364,"href":"https:\/\/palacenatali.com\/hr\/wp-json\/wp\/v2\/pages\/22\/revisions\/1364"}],"wp:featuredmedia":[{"embeddable":true,"href":"https:\/\/palacenatali.com\/hr\/wp-json\/wp\/v2\/media\/7205"}],"wp:attachment":[{"href":"https:\/\/palacenatali.com\/hr\/wp-json\/wp\/v2\/media?parent=22"}],"curies":[{"name":"wp","href":"https:\/\/api.w.org\/{rel}","templated":true}]}}