{"id":1932,"date":"2023-07-11T08:03:27","date_gmt":"2023-07-11T06:03:27","guid":{"rendered":"https:\/\/new-web.palacenatali.com\/?page_id=1932"},"modified":"2026-04-15T16:13:42","modified_gmt":"2026-04-15T14:13:42","slug":"restaurant-natali","status":"publish","type":"page","link":"https:\/\/palacenatali.com\/hr\/restaurant-natali\/","title":{"rendered":"Natali Garden"},"content":{"rendered":"<p><span data-teams=\"true\">Natali Garden je restoran u Dubrovniku, s mediteranskom kuhinjom, smje\u0161ten u vrtovima pa\u017eljivo obnovljenog ljetnikovca Natali iz 16. stolje\u0107a, u blizini Starog grada. Opu\u0161ten prostor za objedovanje na otvorenom gdje se dobra hrana, vino i ljudi prirodno susre\u0107u, a ve\u010deri se \u010desto produ\u017ee malo du\u017ee nego \u0161to ste planirali.<\/span><\/p>\n<p>&nbsp;<\/p>\n","protected":false},"excerpt":{"rendered":"<p>Natali Garden je restoran u Dubrovniku, s mediteranskom kuhinjom, smje\u0161ten u vrtovima pa\u017eljivo obnovljenog ljetnikovca Natali iz 16. stolje\u0107a, u blizini Starog grada. Opu\u0161ten prostor za objedovanje na otvorenom gdje se dobra hrana, vino i ljudi prirodno susre\u0107u, a ve\u010deri se \u010desto produ\u017ee malo du\u017ee nego \u0161to ste planirali. &nbsp;<\/p>\n","protected":false},"author":1,"featured_media":4039,"parent":0,"menu_order":29,"comment_status":"closed","ping_status":"closed","template":"template-restoran.php","meta":{"footnotes":""},"class_list":["post-1932","page","type-page","status-publish","has-post-thumbnail","hentry"],"acf":[],"aioseo_notices":[],"_links":{"self":[{"href":"https:\/\/palacenatali.com\/hr\/wp-json\/wp\/v2\/pages\/1932","targetHints":{"allow":["GET"]}}],"collection":[{"href":"https:\/\/palacenatali.com\/hr\/wp-json\/wp\/v2\/pages"}],"about":[{"href":"https:\/\/palacenatali.com\/hr\/wp-json\/wp\/v2\/types\/page"}],"author":[{"embeddable":true,"href":"https:\/\/palacenatali.com\/hr\/wp-json\/wp\/v2\/users\/1"}],"replies":[{"embeddable":true,"href":"https:\/\/palacenatali.com\/hr\/wp-json\/wp\/v2\/comments?post=1932"}],"version-history":[{"count":80,"href":"https:\/\/palacenatali.com\/hr\/wp-json\/wp\/v2\/pages\/1932\/revisions"}],"predecessor-version":[{"id":8168,"href":"https:\/\/palacenatali.com\/hr\/wp-json\/wp\/v2\/pages\/1932\/revisions\/8168"}],"wp:featuredmedia":[{"embeddable":true,"href":"https:\/\/palacenatali.com\/hr\/wp-json\/wp\/v2\/media\/4039"}],"wp:attachment":[{"href":"https:\/\/palacenatali.com\/hr\/wp-json\/wp\/v2\/media?parent=1932"}],"curies":[{"name":"wp","href":"https:\/\/api.w.org\/{rel}","templated":true}]}}