{"id":18,"date":"2022-12-28T01:28:02","date_gmt":"2022-12-28T00:28:02","guid":{"rendered":"https:\/\/ljetnikovacnatali.virtus3-projekti.com\/wp?page_id=18"},"modified":"2024-12-04T15:15:26","modified_gmt":"2024-12-04T14:15:26","slug":"sobe-i-suiteovi","status":"publish","type":"page","link":"https:\/\/palacenatali.com\/hr\/sobe-i-suiteovi\/","title":{"rendered":"Sobe i suiteovi"},"content":{"rendered":"<p>Spajaju\u0107i moderan dizajn s tradicionalnom arhitekturom, pru\u017eamo miran, opu\u0161taju\u0107i odmor u jedinstvenom ambijentu <em>(adults-only 14+)<\/em>.<\/p>\n","protected":false},"excerpt":{"rendered":"<p>Spajaju\u0107i moderan dizajn s tradicionalnom arhitekturom, pru\u017eamo miran, opu\u0161taju\u0107i odmor u jedinstvenom ambijentu (adults-only 14+).<\/p>\n","protected":false},"author":1,"featured_media":4334,"parent":0,"menu_order":73,"comment_status":"closed","ping_status":"closed","template":"template-suites.php","meta":{"footnotes":""},"class_list":["post-18","page","type-page","status-publish","has-post-thumbnail","hentry"],"acf":[],"aioseo_notices":[],"_links":{"self":[{"href":"https:\/\/palacenatali.com\/hr\/wp-json\/wp\/v2\/pages\/18","targetHints":{"allow":["GET"]}}],"collection":[{"href":"https:\/\/palacenatali.com\/hr\/wp-json\/wp\/v2\/pages"}],"about":[{"href":"https:\/\/palacenatali.com\/hr\/wp-json\/wp\/v2\/types\/page"}],"author":[{"embeddable":true,"href":"https:\/\/palacenatali.com\/hr\/wp-json\/wp\/v2\/users\/1"}],"replies":[{"embeddable":true,"href":"https:\/\/palacenatali.com\/hr\/wp-json\/wp\/v2\/comments?post=18"}],"version-history":[{"count":19,"href":"https:\/\/palacenatali.com\/hr\/wp-json\/wp\/v2\/pages\/18\/revisions"}],"predecessor-version":[{"id":5683,"href":"https:\/\/palacenatali.com\/hr\/wp-json\/wp\/v2\/pages\/18\/revisions\/5683"}],"wp:featuredmedia":[{"embeddable":true,"href":"https:\/\/palacenatali.com\/hr\/wp-json\/wp\/v2\/media\/4334"}],"wp:attachment":[{"href":"https:\/\/palacenatali.com\/hr\/wp-json\/wp\/v2\/media?parent=18"}],"curies":[{"name":"wp","href":"https:\/\/api.w.org\/{rel}","templated":true}]}}