{"id":16,"date":"2022-12-28T01:26:59","date_gmt":"2022-12-28T00:26:59","guid":{"rendered":"https:\/\/ljetnikovacnatali.virtus3-projekti.com\/wp?page_id=16"},"modified":"2025-10-29T13:45:22","modified_gmt":"2025-10-29T12:45:22","slug":"nasa-prica","status":"publish","type":"page","link":"https:\/\/palacenatali.com\/hr\/o-nama\/nasa-prica\/","title":{"rendered":"Na\u0161a pri\u010da"},"content":{"rendered":"<p>Svaka pri\u010da posebna je na svoj na\u010din. Na\u0161a je jedinstvena i autenti\u010dna.<\/p>\n","protected":false},"excerpt":{"rendered":"<p>Svaka pri\u010da posebna je na svoj na\u010din. Na\u0161a je jedinstvena i autenti\u010dna.<\/p>\n","protected":false},"author":1,"featured_media":6762,"parent":2425,"menu_order":41,"comment_status":"closed","ping_status":"closed","template":"template-ourstory.php","meta":{"footnotes":""},"class_list":["post-16","page","type-page","status-publish","has-post-thumbnail","hentry"],"acf":[],"aioseo_notices":[],"_links":{"self":[{"href":"https:\/\/palacenatali.com\/hr\/wp-json\/wp\/v2\/pages\/16","targetHints":{"allow":["GET"]}}],"collection":[{"href":"https:\/\/palacenatali.com\/hr\/wp-json\/wp\/v2\/pages"}],"about":[{"href":"https:\/\/palacenatali.com\/hr\/wp-json\/wp\/v2\/types\/page"}],"author":[{"embeddable":true,"href":"https:\/\/palacenatali.com\/hr\/wp-json\/wp\/v2\/users\/1"}],"replies":[{"embeddable":true,"href":"https:\/\/palacenatali.com\/hr\/wp-json\/wp\/v2\/comments?post=16"}],"version-history":[{"count":29,"href":"https:\/\/palacenatali.com\/hr\/wp-json\/wp\/v2\/pages\/16\/revisions"}],"predecessor-version":[{"id":7911,"href":"https:\/\/palacenatali.com\/hr\/wp-json\/wp\/v2\/pages\/16\/revisions\/7911"}],"up":[{"embeddable":true,"href":"https:\/\/palacenatali.com\/hr\/wp-json\/wp\/v2\/pages\/2425"}],"wp:featuredmedia":[{"embeddable":true,"href":"https:\/\/palacenatali.com\/hr\/wp-json\/wp\/v2\/media\/6762"}],"wp:attachment":[{"href":"https:\/\/palacenatali.com\/hr\/wp-json\/wp\/v2\/media?parent=16"}],"curies":[{"name":"wp","href":"https:\/\/api.w.org\/{rel}","templated":true}]}}