{"id":2900,"date":"2022-12-28T01:29:47","date_gmt":"2022-12-28T00:29:47","guid":{"rendered":"https:\/\/new-web.palacenatali.com\/weddings-and-events\/"},"modified":"2025-09-12T14:14:54","modified_gmt":"2025-09-12T12:14:54","slug":"mariages-et-evenements","status":"publish","type":"page","link":"https:\/\/palacenatali.com\/fr\/mariages-et-evenements\/","title":{"rendered":"Mariages et \u00e9v\u00e9nements"},"content":{"rendered":"<p>Votre journ\u00e9e sp\u00e9ciale m\u00e9rite un lieu sp\u00e9cial. Que la beaut\u00e9 et la magie du Palace Natali rendent vos souvenirs encore plus merveilleux. Situ\u00e9 en plein c\u0153ur de la ville, mais suffisamment \u00e9loign\u00e9 de son agitation, le Palace Natali est, dans cette oasis de paix, le lieu parfait pour diff\u00e9rentes occasions : \u00e9v\u00e9nements priv\u00e9s et professionnels, petits mariages et c\u00e9l\u00e9brations.<\/p>\n<p><a class=\"btn btn-secondary btn-event-request\" style=\"margin-top: 40px;\" href=\"https:\/\/palacenatali.com\/fr\/demande-devenement\/\">Envoyez une demande<\/a><\/p>\n","protected":false},"excerpt":{"rendered":"<p>Votre journ\u00e9e sp\u00e9ciale m\u00e9rite un lieu sp\u00e9cial. Que la beaut\u00e9 et la magie du Palace Natali rendent vos souvenirs encore plus merveilleux. Situ\u00e9 en plein c\u0153ur de la ville, mais suffisamment \u00e9loign\u00e9 de son agitation, le Palace Natali est, dans cette oasis de paix, le lieu parfait pour diff\u00e9rentes occasions : \u00e9v\u00e9nements priv\u00e9s et professionnels, [&hellip;]<\/p>\n","protected":false},"author":1,"featured_media":6386,"parent":0,"menu_order":80,"comment_status":"closed","ping_status":"closed","template":"template-events.php","meta":{"footnotes":""},"class_list":["post-2900","page","type-page","status-publish","has-post-thumbnail","hentry"],"acf":[],"aioseo_notices":[],"_links":{"self":[{"href":"https:\/\/palacenatali.com\/fr\/wp-json\/wp\/v2\/pages\/2900","targetHints":{"allow":["GET"]}}],"collection":[{"href":"https:\/\/palacenatali.com\/fr\/wp-json\/wp\/v2\/pages"}],"about":[{"href":"https:\/\/palacenatali.com\/fr\/wp-json\/wp\/v2\/types\/page"}],"author":[{"embeddable":true,"href":"https:\/\/palacenatali.com\/fr\/wp-json\/wp\/v2\/users\/1"}],"replies":[{"embeddable":true,"href":"https:\/\/palacenatali.com\/fr\/wp-json\/wp\/v2\/comments?post=2900"}],"version-history":[{"count":22,"href":"https:\/\/palacenatali.com\/fr\/wp-json\/wp\/v2\/pages\/2900\/revisions"}],"predecessor-version":[{"id":7587,"href":"https:\/\/palacenatali.com\/fr\/wp-json\/wp\/v2\/pages\/2900\/revisions\/7587"}],"wp:featuredmedia":[{"embeddable":true,"href":"https:\/\/palacenatali.com\/fr\/wp-json\/wp\/v2\/media\/6386"}],"wp:attachment":[{"href":"https:\/\/palacenatali.com\/fr\/wp-json\/wp\/v2\/media?parent=2900"}],"curies":[{"name":"wp","href":"https:\/\/api.w.org\/{rel}","templated":true}]}}