{"id":2884,"date":"2022-12-28T01:29:05","date_gmt":"2022-12-28T00:29:05","guid":{"rendered":"https:\/\/new-web.palacenatali.com\/special-offers\/"},"modified":"2023-12-20T15:13:17","modified_gmt":"2023-12-20T14:13:17","slug":"offres-speciales","status":"publish","type":"page","link":"https:\/\/palacenatali.com\/fr\/offres-speciales\/","title":{"rendered":"Offres sp\u00e9ciales"},"content":{"rendered":"<p>Nos offres sp\u00e9ciales ont \u00e9t\u00e9 sp\u00e9cialement con\u00e7ues pour vous. Pour toute information compl\u00e9mentaire, n&rsquo;h\u00e9sitez pas \u00e0 nous contacter \u00e0 l&rsquo;adresse <a href=\"mailto:sales@palacenatali.com\">sales@palacenatali.com<\/a>. Nous nous ferons un plaisir de vous aider et de r\u00e9pondre \u00e0 toutes vos questions.<\/p>\n","protected":false},"excerpt":{"rendered":"<p>Nos offres sp\u00e9ciales ont \u00e9t\u00e9 sp\u00e9cialement con\u00e7ues pour vous. Pour toute information compl\u00e9mentaire, n&rsquo;h\u00e9sitez pas \u00e0 nous contacter \u00e0 l&rsquo;adresse sales@palacenatali.com. Nous nous ferons un plaisir de vous aider et de r\u00e9pondre \u00e0 toutes vos questions.<\/p>\n","protected":false},"author":1,"featured_media":7206,"parent":0,"menu_order":67,"comment_status":"closed","ping_status":"closed","template":"template-special-offers.php","meta":{"footnotes":""},"class_list":["post-2884","page","type-page","status-publish","has-post-thumbnail","hentry"],"acf":[],"aioseo_notices":[],"_links":{"self":[{"href":"https:\/\/palacenatali.com\/fr\/wp-json\/wp\/v2\/pages\/2884","targetHints":{"allow":["GET"]}}],"collection":[{"href":"https:\/\/palacenatali.com\/fr\/wp-json\/wp\/v2\/pages"}],"about":[{"href":"https:\/\/palacenatali.com\/fr\/wp-json\/wp\/v2\/types\/page"}],"author":[{"embeddable":true,"href":"https:\/\/palacenatali.com\/fr\/wp-json\/wp\/v2\/users\/1"}],"replies":[{"embeddable":true,"href":"https:\/\/palacenatali.com\/fr\/wp-json\/wp\/v2\/comments?post=2884"}],"version-history":[{"count":1,"href":"https:\/\/palacenatali.com\/fr\/wp-json\/wp\/v2\/pages\/2884\/revisions"}],"predecessor-version":[{"id":3413,"href":"https:\/\/palacenatali.com\/fr\/wp-json\/wp\/v2\/pages\/2884\/revisions\/3413"}],"wp:featuredmedia":[{"embeddable":true,"href":"https:\/\/palacenatali.com\/fr\/wp-json\/wp\/v2\/media\/7206"}],"wp:attachment":[{"href":"https:\/\/palacenatali.com\/fr\/wp-json\/wp\/v2\/media?parent=2884"}],"curies":[{"name":"wp","href":"https:\/\/api.w.org\/{rel}","templated":true}]}}