{"id":2880,"date":"2023-01-06T20:02:16","date_gmt":"2023-01-06T19:02:16","guid":{"rendered":"https:\/\/new-web.palacenatali.com\/careers\/"},"modified":"2025-07-04T12:50:54","modified_gmt":"2025-07-04T10:50:54","slug":"emploi-et-carriere","status":"publish","type":"page","link":"https:\/\/palacenatali.com\/fr\/emploi-et-carriere\/","title":{"rendered":"Emploi et carri\u00e8re"},"content":{"rendered":"<p>Souhaitez-vous faire partie d&rsquo;une histoire unique sur le march\u00e9 ?<\/p>\n<p>Le Palace Natali, une magnifique r\u00e9sidence d&rsquo;\u00e9t\u00e9 de Dubrovnik datant du 16e si\u00e8cle, a ouvert ses portes en mai 2023. Gr\u00e2ce au savant m\u00e9lange de l&rsquo;historique et du faste du pass\u00e9 avec un int\u00e9rieur moderne et luxueux, le Palace Natali offre \u00e0 ses h\u00f4tes un s\u00e9jour unique et \u00e0 ses collaborateurs un environnement de travail agr\u00e9able et motivant.<\/p>\n<p>Veuillez envoyer votre candidature et votre CV \u00e0 <a href=\"mailto:posao@palacenatali.com\">posao@palacenatali.com<\/a>.<\/p>\n<p><em>Racontons ensemble une histoire encore jamais racont\u00e9e !<\/em><\/p>\n","protected":false},"excerpt":{"rendered":"<p>Souhaitez-vous faire partie d&rsquo;une histoire unique sur le march\u00e9 ? Le Palace Natali, une magnifique r\u00e9sidence d&rsquo;\u00e9t\u00e9 de Dubrovnik datant du 16e si\u00e8cle, a ouvert ses portes en mai 2023. Gr\u00e2ce au savant m\u00e9lange de l&rsquo;historique et du faste du pass\u00e9 avec un int\u00e9rieur moderne et luxueux, le Palace Natali offre \u00e0 ses h\u00f4tes un [&hellip;]<\/p>\n","protected":false},"author":2,"featured_media":2833,"parent":0,"menu_order":62,"comment_status":"closed","ping_status":"closed","template":"template-careers.php","meta":{"footnotes":""},"class_list":["post-2880","page","type-page","status-publish","has-post-thumbnail","hentry"],"acf":[],"aioseo_notices":[],"_links":{"self":[{"href":"https:\/\/palacenatali.com\/fr\/wp-json\/wp\/v2\/pages\/2880","targetHints":{"allow":["GET"]}}],"collection":[{"href":"https:\/\/palacenatali.com\/fr\/wp-json\/wp\/v2\/pages"}],"about":[{"href":"https:\/\/palacenatali.com\/fr\/wp-json\/wp\/v2\/types\/page"}],"author":[{"embeddable":true,"href":"https:\/\/palacenatali.com\/fr\/wp-json\/wp\/v2\/users\/2"}],"replies":[{"embeddable":true,"href":"https:\/\/palacenatali.com\/fr\/wp-json\/wp\/v2\/comments?post=2880"}],"version-history":[{"count":3,"href":"https:\/\/palacenatali.com\/fr\/wp-json\/wp\/v2\/pages\/2880\/revisions"}],"predecessor-version":[{"id":6495,"href":"https:\/\/palacenatali.com\/fr\/wp-json\/wp\/v2\/pages\/2880\/revisions\/6495"}],"wp:featuredmedia":[{"embeddable":true,"href":"https:\/\/palacenatali.com\/fr\/wp-json\/wp\/v2\/media\/2833"}],"wp:attachment":[{"href":"https:\/\/palacenatali.com\/fr\/wp-json\/wp\/v2\/media?parent=2880"}],"curies":[{"name":"wp","href":"https:\/\/api.w.org\/{rel}","templated":true}]}}