{"id":2866,"date":"2023-07-11T08:03:27","date_gmt":"2023-07-11T06:03:27","guid":{"rendered":"https:\/\/new-web.palacenatali.com\/gourmet-experience\/"},"modified":"2026-04-15T16:14:17","modified_gmt":"2026-04-15T14:14:17","slug":"restaurant-natali","status":"publish","type":"page","link":"https:\/\/palacenatali.com\/fr\/restaurant-natali\/","title":{"rendered":"Natali Garden"},"content":{"rendered":"<p>Natali Garden est un restaurant m\u00e9diterran\u00e9en \u00e0 Dubrovnik, situ\u00e9 dans les jardins du pavillon d\u2019\u00e9t\u00e9 Natali du XVIe si\u00e8cle, soigneusement restaur\u00e9, \u00e0 quelques pas seulement de la Vieille Ville. Un cadre d\u00e9tendu pour d\u00eener en plein air, o\u00f9 bonne cuisine, vin et convivialit\u00e9 se rencontrent naturellement, et o\u00f9 les soir\u00e9es se prolongent souvent un peu plus que pr\u00e9vu.<\/p>\n","protected":false},"excerpt":{"rendered":"<p>Natali Garden est un restaurant m\u00e9diterran\u00e9en \u00e0 Dubrovnik, situ\u00e9 dans les jardins du pavillon d\u2019\u00e9t\u00e9 Natali du XVIe si\u00e8cle, soigneusement restaur\u00e9, \u00e0 quelques pas seulement de la Vieille Ville. Un cadre d\u00e9tendu pour d\u00eener en plein air, o\u00f9 bonne cuisine, vin et convivialit\u00e9 se rencontrent naturellement, et o\u00f9 les soir\u00e9es se prolongent souvent un peu [&hellip;]<\/p>\n","protected":false},"author":1,"featured_media":4040,"parent":0,"menu_order":31,"comment_status":"closed","ping_status":"closed","template":"template-restoran.php","meta":{"footnotes":""},"class_list":["post-2866","page","type-page","status-publish","has-post-thumbnail","hentry"],"acf":[],"aioseo_notices":[],"_links":{"self":[{"href":"https:\/\/palacenatali.com\/fr\/wp-json\/wp\/v2\/pages\/2866","targetHints":{"allow":["GET"]}}],"collection":[{"href":"https:\/\/palacenatali.com\/fr\/wp-json\/wp\/v2\/pages"}],"about":[{"href":"https:\/\/palacenatali.com\/fr\/wp-json\/wp\/v2\/types\/page"}],"author":[{"embeddable":true,"href":"https:\/\/palacenatali.com\/fr\/wp-json\/wp\/v2\/users\/1"}],"replies":[{"embeddable":true,"href":"https:\/\/palacenatali.com\/fr\/wp-json\/wp\/v2\/comments?post=2866"}],"version-history":[{"count":43,"href":"https:\/\/palacenatali.com\/fr\/wp-json\/wp\/v2\/pages\/2866\/revisions"}],"predecessor-version":[{"id":8173,"href":"https:\/\/palacenatali.com\/fr\/wp-json\/wp\/v2\/pages\/2866\/revisions\/8173"}],"wp:featuredmedia":[{"embeddable":true,"href":"https:\/\/palacenatali.com\/fr\/wp-json\/wp\/v2\/media\/4040"}],"wp:attachment":[{"href":"https:\/\/palacenatali.com\/fr\/wp-json\/wp\/v2\/media?parent=2866"}],"curies":[{"name":"wp","href":"https:\/\/api.w.org\/{rel}","templated":true}]}}