{"id":2849,"date":"2022-12-28T01:29:58","date_gmt":"2022-12-28T00:29:58","guid":{"rendered":"https:\/\/new-web.palacenatali.com\/contact\/"},"modified":"2023-12-22T14:21:07","modified_gmt":"2023-12-22T13:21:07","slug":"contact","status":"publish","type":"page","link":"https:\/\/palacenatali.com\/fr\/contact\/","title":{"rendered":"Contact"},"content":{"rendered":"<p>N&rsquo;h\u00e9sitez pas \u00e0 nous contacter pour toute information compl\u00e9mentaire concernant l&rsquo;h\u00e9bergement et\/ou l&rsquo;organisation d&rsquo;\u00e9v\u00e9nements.<\/p>\n","protected":false},"excerpt":{"rendered":"<p>N&rsquo;h\u00e9sitez pas \u00e0 nous contacter pour toute information compl\u00e9mentaire concernant l&rsquo;h\u00e9bergement et\/ou l&rsquo;organisation d&rsquo;\u00e9v\u00e9nements.<\/p>\n","protected":false},"author":1,"featured_media":2850,"parent":0,"menu_order":33,"comment_status":"closed","ping_status":"closed","template":"template-contact.php","meta":{"footnotes":""},"class_list":["post-2849","page","type-page","status-publish","has-post-thumbnail","hentry"],"acf":[],"aioseo_notices":[],"_links":{"self":[{"href":"https:\/\/palacenatali.com\/fr\/wp-json\/wp\/v2\/pages\/2849","targetHints":{"allow":["GET"]}}],"collection":[{"href":"https:\/\/palacenatali.com\/fr\/wp-json\/wp\/v2\/pages"}],"about":[{"href":"https:\/\/palacenatali.com\/fr\/wp-json\/wp\/v2\/types\/page"}],"author":[{"embeddable":true,"href":"https:\/\/palacenatali.com\/fr\/wp-json\/wp\/v2\/users\/1"}],"replies":[{"embeddable":true,"href":"https:\/\/palacenatali.com\/fr\/wp-json\/wp\/v2\/comments?post=2849"}],"version-history":[{"count":2,"href":"https:\/\/palacenatali.com\/fr\/wp-json\/wp\/v2\/pages\/2849\/revisions"}],"predecessor-version":[{"id":3447,"href":"https:\/\/palacenatali.com\/fr\/wp-json\/wp\/v2\/pages\/2849\/revisions\/3447"}],"wp:featuredmedia":[{"embeddable":true,"href":"https:\/\/palacenatali.com\/fr\/wp-json\/wp\/v2\/media\/2850"}],"wp:attachment":[{"href":"https:\/\/palacenatali.com\/fr\/wp-json\/wp\/v2\/media?parent=2849"}],"curies":[{"name":"wp","href":"https:\/\/api.w.org\/{rel}","templated":true}]}}