{"id":2839,"date":"2023-10-23T10:51:55","date_gmt":"2023-10-23T08:51:55","guid":{"rendered":"https:\/\/new-web.palacenatali.com\/a-propos-de-nous\/about-the-property\/"},"modified":"2025-10-08T12:44:05","modified_gmt":"2025-10-08T10:44:05","slug":"a-propos-de-la-propriete","status":"publish","type":"page","link":"https:\/\/palacenatali.com\/fr\/a-propos-de-nous\/a-propos-de-la-propriete\/","title":{"rendered":"\u00c0 propos de la propri\u00e9t\u00e9"},"content":{"rendered":"<p>La fusion du design moderne et de l&rsquo;architecture traditionnelle offre des vacances calmes et reposantes dans un environnement unique.<\/p>\n","protected":false},"excerpt":{"rendered":"<p>La fusion du design moderne et de l&rsquo;architecture traditionnelle offre des vacances calmes et reposantes dans un environnement unique.<\/p>\n","protected":false},"author":2,"featured_media":6772,"parent":2822,"menu_order":20,"comment_status":"closed","ping_status":"closed","template":"template-about-property.php","meta":{"footnotes":""},"class_list":["post-2839","page","type-page","status-publish","has-post-thumbnail","hentry"],"acf":[],"aioseo_notices":[],"_links":{"self":[{"href":"https:\/\/palacenatali.com\/fr\/wp-json\/wp\/v2\/pages\/2839","targetHints":{"allow":["GET"]}}],"collection":[{"href":"https:\/\/palacenatali.com\/fr\/wp-json\/wp\/v2\/pages"}],"about":[{"href":"https:\/\/palacenatali.com\/fr\/wp-json\/wp\/v2\/types\/page"}],"author":[{"embeddable":true,"href":"https:\/\/palacenatali.com\/fr\/wp-json\/wp\/v2\/users\/2"}],"replies":[{"embeddable":true,"href":"https:\/\/palacenatali.com\/fr\/wp-json\/wp\/v2\/comments?post=2839"}],"version-history":[{"count":5,"href":"https:\/\/palacenatali.com\/fr\/wp-json\/wp\/v2\/pages\/2839\/revisions"}],"predecessor-version":[{"id":7756,"href":"https:\/\/palacenatali.com\/fr\/wp-json\/wp\/v2\/pages\/2839\/revisions\/7756"}],"up":[{"embeddable":true,"href":"https:\/\/palacenatali.com\/fr\/wp-json\/wp\/v2\/pages\/2822"}],"wp:featuredmedia":[{"embeddable":true,"href":"https:\/\/palacenatali.com\/fr\/wp-json\/wp\/v2\/media\/6772"}],"wp:attachment":[{"href":"https:\/\/palacenatali.com\/fr\/wp-json\/wp\/v2\/media?parent=2839"}],"curies":[{"name":"wp","href":"https:\/\/api.w.org\/{rel}","templated":true}]}}