{"id":2832,"date":"2022-12-28T01:26:59","date_gmt":"2022-12-28T00:26:59","guid":{"rendered":"https:\/\/new-web.palacenatali.com\/a-propos-de-nous\/our-story\/"},"modified":"2025-10-29T13:54:44","modified_gmt":"2025-10-29T12:54:44","slug":"notre-histoire","status":"publish","type":"page","link":"https:\/\/palacenatali.com\/fr\/a-propos-de-nous\/notre-histoire\/","title":{"rendered":"Notre histoire"},"content":{"rendered":"<p>Chaque histoire est particuli\u00e8re \u00e0 sa mani\u00e8re. La n\u00f4tre est unique et authentique.<\/p>\n","protected":false},"excerpt":{"rendered":"<p>Chaque histoire est particuli\u00e8re \u00e0 sa mani\u00e8re. La n\u00f4tre est unique et authentique.<\/p>\n","protected":false},"author":1,"featured_media":6763,"parent":2822,"menu_order":44,"comment_status":"closed","ping_status":"closed","template":"template-ourstory.php","meta":{"footnotes":""},"class_list":["post-2832","page","type-page","status-publish","has-post-thumbnail","hentry"],"acf":[],"aioseo_notices":[],"_links":{"self":[{"href":"https:\/\/palacenatali.com\/fr\/wp-json\/wp\/v2\/pages\/2832","targetHints":{"allow":["GET"]}}],"collection":[{"href":"https:\/\/palacenatali.com\/fr\/wp-json\/wp\/v2\/pages"}],"about":[{"href":"https:\/\/palacenatali.com\/fr\/wp-json\/wp\/v2\/types\/page"}],"author":[{"embeddable":true,"href":"https:\/\/palacenatali.com\/fr\/wp-json\/wp\/v2\/users\/1"}],"replies":[{"embeddable":true,"href":"https:\/\/palacenatali.com\/fr\/wp-json\/wp\/v2\/comments?post=2832"}],"version-history":[{"count":25,"href":"https:\/\/palacenatali.com\/fr\/wp-json\/wp\/v2\/pages\/2832\/revisions"}],"predecessor-version":[{"id":7912,"href":"https:\/\/palacenatali.com\/fr\/wp-json\/wp\/v2\/pages\/2832\/revisions\/7912"}],"up":[{"embeddable":true,"href":"https:\/\/palacenatali.com\/fr\/wp-json\/wp\/v2\/pages\/2822"}],"wp:featuredmedia":[{"embeddable":true,"href":"https:\/\/palacenatali.com\/fr\/wp-json\/wp\/v2\/media\/6763"}],"wp:attachment":[{"href":"https:\/\/palacenatali.com\/fr\/wp-json\/wp\/v2\/media?parent=2832"}],"curies":[{"name":"wp","href":"https:\/\/api.w.org\/{rel}","templated":true}]}}