{"id":2822,"date":"2023-10-23T11:45:12","date_gmt":"2023-10-23T09:45:12","guid":{"rendered":"https:\/\/new-web.palacenatali.com\/about-us\/"},"modified":"2024-01-12T11:28:35","modified_gmt":"2024-01-12T10:28:35","slug":"a-propos-de-nous","status":"publish","type":"page","link":"https:\/\/palacenatali.com\/fr\/a-propos-de-nous\/","title":{"rendered":"\u00c0 propos de nous"},"content":{"rendered":"<p>Nous cultivons notre h\u00e9ritage et mettons un point d&rsquo;honneur \u00e0 offrir \u00e0 nos h\u00f4tes un s\u00e9jour authentique \u00e0 Dubrovnik.<\/p>\n<h2><\/h2>\n","protected":false},"excerpt":{"rendered":"<p>Nous cultivons notre h\u00e9ritage et mettons un point d&rsquo;honneur \u00e0 offrir \u00e0 nos h\u00f4tes un s\u00e9jour authentique \u00e0 Dubrovnik.<\/p>\n","protected":false},"author":2,"featured_media":4810,"parent":0,"menu_order":16,"comment_status":"closed","ping_status":"closed","template":"template-about-us.php","meta":{"footnotes":""},"class_list":["post-2822","page","type-page","status-publish","has-post-thumbnail","hentry"],"acf":[],"aioseo_notices":[],"_links":{"self":[{"href":"https:\/\/palacenatali.com\/fr\/wp-json\/wp\/v2\/pages\/2822","targetHints":{"allow":["GET"]}}],"collection":[{"href":"https:\/\/palacenatali.com\/fr\/wp-json\/wp\/v2\/pages"}],"about":[{"href":"https:\/\/palacenatali.com\/fr\/wp-json\/wp\/v2\/types\/page"}],"author":[{"embeddable":true,"href":"https:\/\/palacenatali.com\/fr\/wp-json\/wp\/v2\/users\/2"}],"replies":[{"embeddable":true,"href":"https:\/\/palacenatali.com\/fr\/wp-json\/wp\/v2\/comments?post=2822"}],"version-history":[{"count":3,"href":"https:\/\/palacenatali.com\/fr\/wp-json\/wp\/v2\/pages\/2822\/revisions"}],"predecessor-version":[{"id":2829,"href":"https:\/\/palacenatali.com\/fr\/wp-json\/wp\/v2\/pages\/2822\/revisions\/2829"}],"wp:featuredmedia":[{"embeddable":true,"href":"https:\/\/palacenatali.com\/fr\/wp-json\/wp\/v2\/media\/4810"}],"wp:attachment":[{"href":"https:\/\/palacenatali.com\/fr\/wp-json\/wp\/v2\/media?parent=2822"}],"curies":[{"name":"wp","href":"https:\/\/api.w.org\/{rel}","templated":true}]}}