{"id":2886,"date":"2022-12-28T01:29:05","date_gmt":"2022-12-28T00:29:05","guid":{"rendered":"https:\/\/new-web.palacenatali.com\/special-offers\/"},"modified":"2024-01-10T14:25:08","modified_gmt":"2024-01-10T13:25:08","slug":"besondere-angebote","status":"publish","type":"page","link":"https:\/\/palacenatali.com\/de\/besondere-angebote\/","title":{"rendered":"Besondere Angebote"},"content":{"rendered":"<p>Unsere besonderen Angebote sind eigens f\u00fcr Sie zusammengestellt. F\u00fcr alle weiteren Informationen stehen wir Ihnen unter <a href=\"mailto:sales@palacenatali.com\">sales@palacenatali.com<\/a> zur Verf\u00fcgung. Gern helfen wir Ihnen und beantworten jede Ihrer Anfragen.<\/p>\n","protected":false},"excerpt":{"rendered":"<p>Unsere besonderen Angebote sind eigens f\u00fcr Sie zusammengestellt. F\u00fcr alle weiteren Informationen stehen wir Ihnen unter sales@palacenatali.com zur Verf\u00fcgung. Gern helfen wir Ihnen und beantworten jede Ihrer Anfragen.<\/p>\n","protected":false},"author":1,"featured_media":7207,"parent":0,"menu_order":65,"comment_status":"closed","ping_status":"closed","template":"template-special-offers.php","meta":{"footnotes":""},"class_list":["post-2886","page","type-page","status-publish","has-post-thumbnail","hentry"],"acf":[],"aioseo_notices":[],"_links":{"self":[{"href":"https:\/\/palacenatali.com\/de\/wp-json\/wp\/v2\/pages\/2886","targetHints":{"allow":["GET"]}}],"collection":[{"href":"https:\/\/palacenatali.com\/de\/wp-json\/wp\/v2\/pages"}],"about":[{"href":"https:\/\/palacenatali.com\/de\/wp-json\/wp\/v2\/types\/page"}],"author":[{"embeddable":true,"href":"https:\/\/palacenatali.com\/de\/wp-json\/wp\/v2\/users\/1"}],"replies":[{"embeddable":true,"href":"https:\/\/palacenatali.com\/de\/wp-json\/wp\/v2\/comments?post=2886"}],"version-history":[{"count":1,"href":"https:\/\/palacenatali.com\/de\/wp-json\/wp\/v2\/pages\/2886\/revisions"}],"predecessor-version":[{"id":3611,"href":"https:\/\/palacenatali.com\/de\/wp-json\/wp\/v2\/pages\/2886\/revisions\/3611"}],"wp:featuredmedia":[{"embeddable":true,"href":"https:\/\/palacenatali.com\/de\/wp-json\/wp\/v2\/media\/7207"}],"wp:attachment":[{"href":"https:\/\/palacenatali.com\/de\/wp-json\/wp\/v2\/media?parent=2886"}],"curies":[{"name":"wp","href":"https:\/\/api.w.org\/{rel}","templated":true}]}}