{"id":2882,"date":"2023-01-06T20:02:16","date_gmt":"2023-01-06T19:02:16","guid":{"rendered":"https:\/\/new-web.palacenatali.com\/careers\/"},"modified":"2025-07-04T12:51:05","modified_gmt":"2025-07-04T10:51:05","slug":"job-und-karriere","status":"publish","type":"page","link":"https:\/\/palacenatali.com\/de\/job-und-karriere\/","title":{"rendered":"Job und Karriere"},"content":{"rendered":"<p>M\u00f6chten Sie Teil einer einzigartigen Geschichte auf dem Markt werden?<\/p>\n<p>Das Palace Natali, ein wundersch\u00f6ner Dubrovniker Sommersitz aus dem 16. Jahrhundert, wurde im Mai 2023 er\u00f6ffnet.\u00a0Dank des gekonnten Zusammenspiels von Historischem und dem Prunk der Vergangenheit mit einer modernen, luxuri\u00f6sen Inneneinrichtung bietet das Palace Natali seinen G\u00e4sten einen einzigartigen Aufenthalt und seinen Mitarbeitern ein angenehmes und motivierendes Arbeitsumfeld.<\/p>\n<p>Bitte senden Sie Ihre Bewerbung und Ihren Lebenslauf an <a href=\"mailto:posao@palacenatali.com\">posao@palacenatali.com.<\/a><\/p>\n<p><em>Lassen Sie uns zusammen eine bisher unerz\u00e4hlte Geschichte erz\u00e4hlen!<\/em><\/p>\n","protected":false},"excerpt":{"rendered":"<p>M\u00f6chten Sie Teil einer einzigartigen Geschichte auf dem Markt werden? Das Palace Natali, ein wundersch\u00f6ner Dubrovniker Sommersitz aus dem 16. Jahrhundert, wurde im Mai 2023 er\u00f6ffnet.\u00a0Dank des gekonnten Zusammenspiels von Historischem und dem Prunk der Vergangenheit mit einer modernen, luxuri\u00f6sen Inneneinrichtung bietet das Palace Natali seinen G\u00e4sten einen einzigartigen Aufenthalt und seinen Mitarbeitern ein angenehmes [&hellip;]<\/p>\n","protected":false},"author":2,"featured_media":2836,"parent":0,"menu_order":61,"comment_status":"closed","ping_status":"closed","template":"template-careers.php","meta":{"footnotes":""},"class_list":["post-2882","page","type-page","status-publish","has-post-thumbnail","hentry"],"acf":[],"aioseo_notices":[],"_links":{"self":[{"href":"https:\/\/palacenatali.com\/de\/wp-json\/wp\/v2\/pages\/2882","targetHints":{"allow":["GET"]}}],"collection":[{"href":"https:\/\/palacenatali.com\/de\/wp-json\/wp\/v2\/pages"}],"about":[{"href":"https:\/\/palacenatali.com\/de\/wp-json\/wp\/v2\/types\/page"}],"author":[{"embeddable":true,"href":"https:\/\/palacenatali.com\/de\/wp-json\/wp\/v2\/users\/2"}],"replies":[{"embeddable":true,"href":"https:\/\/palacenatali.com\/de\/wp-json\/wp\/v2\/comments?post=2882"}],"version-history":[{"count":3,"href":"https:\/\/palacenatali.com\/de\/wp-json\/wp\/v2\/pages\/2882\/revisions"}],"predecessor-version":[{"id":6496,"href":"https:\/\/palacenatali.com\/de\/wp-json\/wp\/v2\/pages\/2882\/revisions\/6496"}],"wp:featuredmedia":[{"embeddable":true,"href":"https:\/\/palacenatali.com\/de\/wp-json\/wp\/v2\/media\/2836"}],"wp:attachment":[{"href":"https:\/\/palacenatali.com\/de\/wp-json\/wp\/v2\/media?parent=2882"}],"curies":[{"name":"wp","href":"https:\/\/api.w.org\/{rel}","templated":true}]}}