{"id":2856,"date":"2022-12-28T01:28:33","date_gmt":"2022-12-28T00:28:33","guid":{"rendered":"https:\/\/new-web.palacenatali.com\/experiences\/"},"modified":"2025-09-19T08:35:09","modified_gmt":"2025-09-19T06:35:09","slug":"erlebnisse","status":"publish","type":"page","link":"https:\/\/palacenatali.com\/de\/erlebnisse\/","title":{"rendered":"Erlebnisse"},"content":{"rendered":"<p>Genie\u00dfen Sie Ihren Aufenthalt, unternehmen Sie all das, was Sie gl\u00fccklich macht, und erholen Sie sich. Dubrovnik und seine Umgebung haben zahlreiche interessante Geschichten zu erz\u00e4hlen. Die Vergangenheit, Tradition und die Sch\u00f6nheit der Natur waren schon immer die besten Geschichtenerz\u00e4hler. W\u00e4hlen Sie einen der Ausfl\u00fcge und erleben Sie eine unvergessliche Zeit.<\/p>\n","protected":false},"excerpt":{"rendered":"<p>Genie\u00dfen Sie Ihren Aufenthalt, unternehmen Sie all das, was Sie gl\u00fccklich macht, und erholen Sie sich. Dubrovnik und seine Umgebung haben zahlreiche interessante Geschichten zu erz\u00e4hlen. Die Vergangenheit, Tradition und die Sch\u00f6nheit der Natur waren schon immer die besten Geschichtenerz\u00e4hler. W\u00e4hlen Sie einen der Ausfl\u00fcge und erleben Sie eine unvergessliche Zeit.<\/p>\n","protected":false},"author":1,"featured_media":7658,"parent":0,"menu_order":22,"comment_status":"closed","ping_status":"closed","template":"template-experiences.php","meta":{"footnotes":""},"class_list":["post-2856","page","type-page","status-publish","has-post-thumbnail","hentry"],"acf":[],"aioseo_notices":[],"_links":{"self":[{"href":"https:\/\/palacenatali.com\/de\/wp-json\/wp\/v2\/pages\/2856","targetHints":{"allow":["GET"]}}],"collection":[{"href":"https:\/\/palacenatali.com\/de\/wp-json\/wp\/v2\/pages"}],"about":[{"href":"https:\/\/palacenatali.com\/de\/wp-json\/wp\/v2\/types\/page"}],"author":[{"embeddable":true,"href":"https:\/\/palacenatali.com\/de\/wp-json\/wp\/v2\/users\/1"}],"replies":[{"embeddable":true,"href":"https:\/\/palacenatali.com\/de\/wp-json\/wp\/v2\/comments?post=2856"}],"version-history":[{"count":11,"href":"https:\/\/palacenatali.com\/de\/wp-json\/wp\/v2\/pages\/2856\/revisions"}],"predecessor-version":[{"id":7654,"href":"https:\/\/palacenatali.com\/de\/wp-json\/wp\/v2\/pages\/2856\/revisions\/7654"}],"wp:featuredmedia":[{"embeddable":true,"href":"https:\/\/palacenatali.com\/de\/wp-json\/wp\/v2\/media\/7658"}],"wp:attachment":[{"href":"https:\/\/palacenatali.com\/de\/wp-json\/wp\/v2\/media?parent=2856"}],"curies":[{"name":"wp","href":"https:\/\/api.w.org\/{rel}","templated":true}]}}