{"id":2837,"date":"2023-10-23T11:45:12","date_gmt":"2023-10-23T09:45:12","guid":{"rendered":"https:\/\/new-web.palacenatali.com\/about-us\/"},"modified":"2024-01-29T10:53:21","modified_gmt":"2024-01-29T09:53:21","slug":"uber-uns","status":"publish","type":"page","link":"https:\/\/palacenatali.com\/de\/uber-uns\/","title":{"rendered":"\u00dcber uns"},"content":{"rendered":"<p>Wir pflegen unsere Vergangenheit und legen gro\u00dfen Wert darauf, unseren G\u00e4sten einen authentischen Aufenthalt in Dubrovnik zu erm\u00f6glichen.<\/p>\n","protected":false},"excerpt":{"rendered":"<p>Wir pflegen unsere Vergangenheit und legen gro\u00dfen Wert darauf, unseren G\u00e4sten einen authentischen Aufenthalt in Dubrovnik zu erm\u00f6glichen.<\/p>\n","protected":false},"author":2,"featured_media":4811,"parent":0,"menu_order":13,"comment_status":"closed","ping_status":"closed","template":"template-about-us.php","meta":{"footnotes":""},"class_list":["post-2837","page","type-page","status-publish","has-post-thumbnail","hentry"],"acf":[],"aioseo_notices":[],"_links":{"self":[{"href":"https:\/\/palacenatali.com\/de\/wp-json\/wp\/v2\/pages\/2837","targetHints":{"allow":["GET"]}}],"collection":[{"href":"https:\/\/palacenatali.com\/de\/wp-json\/wp\/v2\/pages"}],"about":[{"href":"https:\/\/palacenatali.com\/de\/wp-json\/wp\/v2\/types\/page"}],"author":[{"embeddable":true,"href":"https:\/\/palacenatali.com\/de\/wp-json\/wp\/v2\/users\/2"}],"replies":[{"embeddable":true,"href":"https:\/\/palacenatali.com\/de\/wp-json\/wp\/v2\/comments?post=2837"}],"version-history":[{"count":1,"href":"https:\/\/palacenatali.com\/de\/wp-json\/wp\/v2\/pages\/2837\/revisions"}],"predecessor-version":[{"id":3489,"href":"https:\/\/palacenatali.com\/de\/wp-json\/wp\/v2\/pages\/2837\/revisions\/3489"}],"wp:featuredmedia":[{"embeddable":true,"href":"https:\/\/palacenatali.com\/de\/wp-json\/wp\/v2\/media\/4811"}],"wp:attachment":[{"href":"https:\/\/palacenatali.com\/de\/wp-json\/wp\/v2\/media?parent=2837"}],"curies":[{"name":"wp","href":"https:\/\/api.w.org\/{rel}","templated":true}]}}